{"id":157,"date":"2019-09-25T13:52:49","date_gmt":"2019-09-25T11:52:49","guid":{"rendered":"https:\/\/www.ennsfeld-apo.at\/?page_id=157"},"modified":"2019-09-26T10:42:23","modified_gmt":"2019-09-26T08:42:23","slug":"datenschutzerklaerung","status":"publish","type":"page","link":"https:\/\/www.ennsfeld-apo.at\/?page_id=157","title":{"rendered":"Datenschutzerkl\u00e4rung"},"content":{"rendered":"\n<h3 class=\"wp-block-heading\">Welche personenbezogenen Daten wir sammeln und warum wir sie sammeln<\/h3>\n\n\n\n<p>Sofern Sie uns via E-Mail kontaktieren  kann es dazu kommen, dass personenbezogene Daten wie zum Beispiel  Name, Mailadresse oder \u00e4hnliches, welche zur Bearbeitung Ihrer Anfrage notwendig sind, f\u00fcr die Dauer der Anfrage, bei uns gespeichert werden.<\/p>\n\n\n\n<h3 class=\"wp-block-heading\">Haftungsausschluss<\/h3>\n\n\n\n<p>Verweise auf fremde Webseiten liegen au\u00dferhalb des Verantwortungsbereiches des Autors. Eine Haftung f\u00fcr die Inhalte von verlinkten Seiten ist ausgeschlossen. F\u00fcr Inhalte von Seiten, auf welche von Seiten dieser Webseiten verwiesen wird, haftet somit allein der Anbieter dieser fremden Webseiten . Sollten gelinkte Seiten (insbesondere durch Ver\u00e4nderung der Inhalte nach dem Setzen des Links) illegale, fehlerhafte, unvollst\u00e4ndige, beleidigende oder sittenwidrige Informationen beinhalten und wird der Autor dieser Seite auf derartige Inhalte von gelinkten Seiten aufmerksam (gemacht), so wird er einen Link auf derartige Seiten unverz\u00fcglich unterbinden.<\/p>\n\n\n\n<h3 class=\"wp-block-heading\">Cookies<\/h3>\n\n\n\n<p>Um Ihnen eine bessere Nutzung unserer Website zu erm\u00f6glichen, setzen wir die als \u201eCookies\u201c bekannten kleinen Textdateien ein, um Pr\u00e4ferenzen der Nutzer zu verfolgen und unsere Website entsprechend optimal gestalten zu k\u00f6nnen. Cookies verwenden wir jedoch nicht, um die einzelnen Besuche unserer Website zu verfolgen. Cookies werden heute von den meisten Websites routinem\u00e4\u00dfig eingesetzt. Sollten Sie in dieser Hinsicht jedoch Bedenken haben, k\u00f6nnen Sie Ihren Browser auch so einstellen, dass er keine Cookies akzeptiert.<\/p>\n\n\n\n<h3 class=\"wp-block-heading\">Google Maps<\/h3>\n\n\n\n<p>Diese Seite nutzt \u00fcber den Kartendienst Google-Maps. Zur Nutzung der Funktionen von Google-Maps ist es notwendig, Ihre IP Adresse zu speichern. Diese Informationen werden in der Regel an einen Server von Google in den USA \u00fcbertragen und dort gespeichert. Der Anbieter dieser Seite hat keinen Einfluss auf diese Daten\u00fcbertragung. (<a href=\"https:\/\/www.google.at\/intl\/de\/policies\/privacy\/\" target=\"_blank\" rel=\"noreferrer noopener\" aria-label=\"https:\/\/www.google.at\/intl\/de\/policies\/privacy\/ (\u00f6ffnet in neuem Tab)\">https:\/\/www.google.at\/intl\/de\/policies\/privacy\/<\/a>)<\/p>\n","protected":false},"excerpt":{"rendered":"<p>Welche personenbezogenen Daten wir sammeln und warum wir sie sammeln Sofern Sie uns via E-Mail kontaktieren kann es dazu kommen, dass personenbezogene Daten wie zum Beispiel Name, Mailadresse oder \u00e4hnliches, welche zur Bearbeitung Ihrer Anfrage notwendig sind, f\u00fcr die Dauer der Anfrage, bei uns gespeichert werden. Haftungsausschluss Verweise auf fremde Webseiten liegen au\u00dferhalb des Verantwortungsbereiches [&hellip;]<\/p>\n","protected":false},"author":1,"featured_media":0,"parent":15,"menu_order":3,"comment_status":"closed","ping_status":"closed","template":"","meta":{"footnotes":""},"class_list":["post-157","page","type-page","status-publish","hentry"],"_links":{"self":[{"href":"https:\/\/www.ennsfeld-apo.at\/index.php?rest_route=\/wp\/v2\/pages\/157","targetHints":{"allow":["GET"]}}],"collection":[{"href":"https:\/\/www.ennsfeld-apo.at\/index.php?rest_route=\/wp\/v2\/pages"}],"about":[{"href":"https:\/\/www.ennsfeld-apo.at\/index.php?rest_route=\/wp\/v2\/types\/page"}],"author":[{"embeddable":true,"href":"https:\/\/www.ennsfeld-apo.at\/index.php?rest_route=\/wp\/v2\/users\/1"}],"replies":[{"embeddable":true,"href":"https:\/\/www.ennsfeld-apo.at\/index.php?rest_route=%2Fwp%2Fv2%2Fcomments&post=157"}],"version-history":[{"count":14,"href":"https:\/\/www.ennsfeld-apo.at\/index.php?rest_route=\/wp\/v2\/pages\/157\/revisions"}],"predecessor-version":[{"id":182,"href":"https:\/\/www.ennsfeld-apo.at\/index.php?rest_route=\/wp\/v2\/pages\/157\/revisions\/182"}],"up":[{"embeddable":true,"href":"https:\/\/www.ennsfeld-apo.at\/index.php?rest_route=\/wp\/v2\/pages\/15"}],"wp:attachment":[{"href":"https:\/\/www.ennsfeld-apo.at\/index.php?rest_route=%2Fwp%2Fv2%2Fmedia&parent=157"}],"curies":[{"name":"wp","href":"https:\/\/api.w.org\/{rel}","templated":true}]}}