{"id":15,"date":"2019-09-25T14:21:00","date_gmt":"2019-09-25T12:21:00","guid":{"rendered":"http:\/\/www.ennsfeld-apo.at\/?page_id=15"},"modified":"2019-09-26T10:42:09","modified_gmt":"2019-09-26T08:42:09","slug":"ennsfeld-apotheke","status":"publish","type":"page","link":"https:\/\/www.ennsfeld-apo.at\/","title":{"rendered":"Ennsfeld Apotheke"},"content":{"rendered":"\n<h2 class=\"wp-block-heading\">\n  <i class=\"fas fa-quote-right\"><\/i>\n    <strong><em>   Gesund werden &#8211; gesund bleiben &#8230;   <\/em><\/strong>\n  <i class=\"fas fa-quote-left\"><\/i>\n<\/h2>\n\n\n\n<p>Wir bieten Ihnen kompetente und freundliche Beratung zu Arzneimitteln, alternativ medizinischen Produkten und Kosmetika. Wir helfen Ihnen bei Fragen oder W\u00fcnschen jederzeit gerne weiter. Besuchen Sie uns und \u00fcberzeugen Sie sich selbst!<\/p>\n\n\n\n<p style=\"text-align:left\"><em>Linz Ebelsberg &#8211; Ennsfeld<\/em><\/p>\n\n\n\n<span style=\"font-size: 3rem;\">\n<center>\n<i class=\"fas fa-file-prescription\"><\/i>\n<i class=\"fas fa-mortar-pestle\"><\/i>\n<i class=\"fas fa-pills\"><\/i>\n<i class=\"fas fa-heart\" style=\"color: LightSeaGreen\"><\/i>\n<i class=\"fas fa-band-aid\"><\/i>\n<i class=\"fas fa-comment-medical\"><\/i>\n<i class=\"fas fa-capsules\"><\/i>\n<i class=\"fas fa-cart-plus\" style=\"color: Tomato\"><\/i>\n<i class=\"fas fa-tablets\"><\/i>\n<i class=\"fas fa-parking\" style=\"color: DodgerBlue\"><\/i>\n<\/center>\n<\/span>\n\n\n\n<ul class=\"wp-block-gallery columns-3 is-cropped wp-block-gallery-1 is-layout-flex wp-block-gallery-is-layout-flex\"><li class=\"blocks-gallery-item\"><figure><img loading=\"lazy\" decoding=\"async\" width=\"1024\" height=\"768\" src=\"https:\/\/www.ennsfeld-apo.at\/wp-content\/uploads\/2019\/09\/DSC00354_1-1024x768.jpg\" alt=\"\" data-id=\"137\" data-link=\"https:\/\/www.ennsfeld-apo.at\/?attachment_id=137\" class=\"wp-image-137\" srcset=\"https:\/\/www.ennsfeld-apo.at\/wp-content\/uploads\/2019\/09\/DSC00354_1-1024x768.jpg 1024w, https:\/\/www.ennsfeld-apo.at\/wp-content\/uploads\/2019\/09\/DSC00354_1-300x225.jpg 300w, https:\/\/www.ennsfeld-apo.at\/wp-content\/uploads\/2019\/09\/DSC00354_1-768x576.jpg 768w, https:\/\/www.ennsfeld-apo.at\/wp-content\/uploads\/2019\/09\/DSC00354_1-880x660.jpg 880w\" sizes=\"auto, (max-width: 1024px) 100vw, 1024px\" \/><\/figure><\/li><li class=\"blocks-gallery-item\"><figure><img loading=\"lazy\" decoding=\"async\" width=\"1024\" height=\"768\" src=\"https:\/\/www.ennsfeld-apo.at\/wp-content\/uploads\/2019\/09\/DSC00352-1024x768.jpg\" alt=\"\" data-id=\"142\" data-link=\"https:\/\/www.ennsfeld-apo.at\/?attachment_id=142\" class=\"wp-image-142\" srcset=\"https:\/\/www.ennsfeld-apo.at\/wp-content\/uploads\/2019\/09\/DSC00352-1024x768.jpg 1024w, https:\/\/www.ennsfeld-apo.at\/wp-content\/uploads\/2019\/09\/DSC00352-300x225.jpg 300w, https:\/\/www.ennsfeld-apo.at\/wp-content\/uploads\/2019\/09\/DSC00352-768x576.jpg 768w, https:\/\/www.ennsfeld-apo.at\/wp-content\/uploads\/2019\/09\/DSC00352-880x660.jpg 880w\" sizes=\"auto, (max-width: 1024px) 100vw, 1024px\" \/><\/figure><\/li><li class=\"blocks-gallery-item\"><figure><img loading=\"lazy\" decoding=\"async\" width=\"1024\" height=\"768\" src=\"https:\/\/www.ennsfeld-apo.at\/wp-content\/uploads\/2019\/09\/DSC00348_1-1024x768.jpg\" alt=\"\" data-id=\"139\" data-link=\"https:\/\/www.ennsfeld-apo.at\/?attachment_id=139\" class=\"wp-image-139\" srcset=\"https:\/\/www.ennsfeld-apo.at\/wp-content\/uploads\/2019\/09\/DSC00348_1-1024x768.jpg 1024w, https:\/\/www.ennsfeld-apo.at\/wp-content\/uploads\/2019\/09\/DSC00348_1-300x225.jpg 300w, https:\/\/www.ennsfeld-apo.at\/wp-content\/uploads\/2019\/09\/DSC00348_1-768x576.jpg 768w, https:\/\/www.ennsfeld-apo.at\/wp-content\/uploads\/2019\/09\/DSC00348_1-880x660.jpg 880w\" sizes=\"auto, (max-width: 1024px) 100vw, 1024px\" \/><\/figure><\/li><li class=\"blocks-gallery-item\"><figure><img loading=\"lazy\" decoding=\"async\" width=\"768\" height=\"1024\" src=\"https:\/\/www.ennsfeld-apo.at\/wp-content\/uploads\/2019\/09\/DSC00353_1-768x1024.jpg\" alt=\"\" data-id=\"138\" data-link=\"https:\/\/www.ennsfeld-apo.at\/?attachment_id=138\" class=\"wp-image-138\" srcset=\"https:\/\/www.ennsfeld-apo.at\/wp-content\/uploads\/2019\/09\/DSC00353_1-768x1024.jpg 768w, https:\/\/www.ennsfeld-apo.at\/wp-content\/uploads\/2019\/09\/DSC00353_1-225x300.jpg 225w, https:\/\/www.ennsfeld-apo.at\/wp-content\/uploads\/2019\/09\/DSC00353_1-495x660.jpg 495w\" sizes=\"auto, (max-width: 768px) 100vw, 768px\" \/><\/figure><\/li><\/ul>\n\n\n\n<h2 class=\"wp-block-heading\">So finden Sie uns &#8230;<\/h2>\n\n\n\n<ul class=\"wp-block-list\"><li><strong>Stra\u00dfenbahn<\/strong> Linie <strong>2<\/strong> Haltestelle <strong>Linz Ennsfeld<\/strong><\/li><li><strong>Bus<\/strong>-Linie <strong>104<\/strong>, <strong>106<\/strong> und <strong>N82<\/strong> Haltestelle <strong>Linz Ennsfeld<\/strong><\/li><li><strong>Auto<\/strong>, am besten \u00fcber <strong>Wiener Stra\u00dfe<\/strong> &#8211; Ampelkreuzung <strong>Ennsfeldstra\u00dfe<\/strong> einbiegen:<\/li><\/ul>\n\n\n\n<p><div style=\"text-align: center;\"><iframe loading=\"lazy\" style=\"border: 0;\" src=\"https:\/\/www.google.com\/maps\/embed?pb=!1m14!1m8!1m3!1d10628.370746745513!2d14.3374076!3d48.2433432!3m2!1i1024!2i768!4f13.1!3m3!1m2!1s0x0%3A0xddefd3b0b502ae3!2sApotheke%20Ennsfeld!5e0!3m2!1sen!2sat!4v1567972755978!5m2!1sen!2sat\" allowfullscreen=\"allowfullscreen\" width=\"800\" height=\"600\" frameborder=\"0\"><\/iframe><\/div><\/p>\n\n\n\n<div class=\"wp-block-media-text alignwide has-media-on-the-right\"><figure class=\"wp-block-media-text__media\"><img loading=\"lazy\" decoding=\"async\" width=\"800\" height=\"500\" src=\"https:\/\/www.ennsfeld-apo.at\/wp-content\/uploads\/2019\/09\/P_DSC00044.jpg\" alt=\"\" class=\"wp-image-9\" srcset=\"https:\/\/www.ennsfeld-apo.at\/wp-content\/uploads\/2019\/09\/P_DSC00044.jpg 800w, https:\/\/www.ennsfeld-apo.at\/wp-content\/uploads\/2019\/09\/P_DSC00044-300x188.jpg 300w, https:\/\/www.ennsfeld-apo.at\/wp-content\/uploads\/2019\/09\/P_DSC00044-768x480.jpg 768w\" sizes=\"auto, (max-width: 800px) 100vw, 800px\" \/><\/figure><div class=\"wp-block-media-text__content\">\n<h4 class=\"wp-block-heading\">Ausreichend viele kostenlose Parkpl\u00e4tze stehen Ihnen zur Ihrer Verf\u00fcgung &#8230;<\/h4>\n\n\n\n<p style=\"text-align:right\">max. Parkdauer von 2 Stunden<\/p>\n<\/div><\/div>\n\n\n<style>\n    \/* minor style correction for live preview in admin,\n        does not affect in-page layout.\n     *\/\n    .strappy .row{\n        margin:0px;\n    }\n<\/style>\n\n\n<div class=\"minimal strappy\">\n    <div class=\"container-fluid\">\n        <div class=\"row\">\n            <div class=\"col-xs-12 minwidgettitle\">\n                <h2 style=\"color:black\">Unsere \u00d6ffnungszeiten ...<\/h2>\n            <\/div>\n        <\/div>\n        <div id=\"mincontent\" style=\"color:black\">\n            <div class=\"row\"><div class=\"minday col-xs-6\">\n\nMo - Fr:<\/div><div class=\"col-xs-6 minhours\">\n\n8:00 - 12:00<br>14:00 - 18:00<\/div><\/div><div class=\"afterrow col-xs-12\"><\/div>\n\n<div class=\"row\"><div class=\"minday col-xs-6\">\n\nSa:<\/div><div class=\"col-xs-6 minhours\">\n\n8:00 - 12:00<\/div><\/div><div class=\"afterrow col-xs-12\"><\/div>\n\n<div class=\"row\"><div class=\"minday col-xs-6\">\n\nSo:<\/div><div class=\"col-xs-6 minhours\">\n\n- - -<\/div><\/div><div class=\"afterrow col-xs-12\"><\/div>\n\n\n\n        <\/div>\n\n        <div class=\"row\">\n            <div class=\"col-xs-12\">\n\t            <p class=\"gimmeroom\">\n                <span class=\"minbadge\" style=\"color: black\">Jetzt gerade ::   \u00bb\u00bb Geschlossen \u00ab\u00ab<\/span>                <\/p>\n            <\/div>\n        <\/div>\n\n        <div class=\"row\">\n            <div class=\"col-xs-12\">\n                <div style=\"color:black\">\n                    <h2>\n\t\t\t                                <\/h2>\n                    <p class=\"text-capitalize\">\n\t\t\t                                <\/p>\n                <\/div>\n                <div class=\"company_details\" style=\"color:black\">\n\t\t            \n\t\t            \n\t\t            \n\t\t            \n\t\t            \n                <\/div>\n            <\/div>\n        <\/div>\n\n        <div class=\"row\">\n            <div class=\"col-xs-7\">\n                <!-- empty -->\n            <\/div>\n            <div class=\"col-xs-5\">\n                <p class=\"powerdby\">Powered by crosswordsolver.com<\/p>\n            <\/div>\n        <\/div>\n\n    <\/div>\n<\/div>\n\n\n\n<h2 class=\"wp-block-heading\">N\u00fctzliche Links &#8230;<\/h2>\n\n\n\n<pre class=\"wp-block-verse\">- <a rel=\"noreferrer noopener\" aria-label=\" (\u00f6ffnet in neuem Tab)\" href=\"https:\/\/www.apotheker.or.at\/internet\/oeak\/Apotheken.nsf\/webApothekensuche?Readform\" target=\"_blank\">Nachtdienst-Apotheken-Suche<\/a><br><em>24-h Auskunftsservice der \u00f6sterreichischen Apothekerkammer, <strong>Tel<\/strong>:  1455<\/em><br><br>- <a rel=\"noreferrer noopener\" href=\"https:\/\/www.apotheker.or.at\/internet\/oeak\/O\/ONewsPresse.nsf\/WebTeaser\/NewsTeaser\/\" target=\"_blank\">\u00d6sterreichische Apothekerkammer<\/a><br><br>- <strong>\u00c4rztenotdienst Linz<\/strong> <a rel=\"noreferrer noopener\" aria-label=\" (\u00f6ffnet in neuem Tab)\" href=\"https:\/\/www.roteskreuz.at\/ooe\/rettungsdienst\/141-hausaerztlicher-notdienst\/oeffnungszeiten\/\" target=\"_blank\">[LINK]<\/a>:<br>  K\u00f6rnerstra\u00dfe 28,  4020 Linz<br><strong>  Tel:<\/strong> 141<br><em>Ordinationsdienst am Samstag, Sonntag und Feiertag:  08:00 - 13:00 Uhr und 14:00 - 20:00 Uhr.<\/em><br><br>- <strong>Zahn\u00e4rztliche Notdienstzentrum Linz<\/strong> <a rel=\"noreferrer noopener\" aria-label=\" (\u00f6ffnet in neuem Tab)\" href=\"http:\/\/www.notdienstzentrum.at\/\" target=\"_blank\">[LINK]<\/a>:<br>  Notdienstzentrum UKH,<br>  Garnisonstra\u00dfe 7, 4020 Linz<br>  <strong>Tel<\/strong>: 0732  78 58 77<\/pre>\n\n\n\n<h2 class=\"wp-block-heading\">Kontakt &#8230;<\/h2>\n\n\n\n<blockquote class=\"wp-block-quote is-layout-flow wp-block-quote-is-layout-flow\"><p><strong>Adresse:<\/strong> Ennsfeldstra\u00dfe 11, 4030 Linz<br><strong>Tel:<\/strong> +43 (0) 732 300 332<br><strong>Fax:<\/strong> +43 (0) 732 300 332 9<br><strong>Email:<\/strong> office(at)ennsfeld-apo.at<\/p><cite><strong>Email:<\/strong> F\u00fcr Anfragen stehen wir Ihnen gerne zur Verf\u00fcgung. <br>Beachten Sie bitte jedoch, dass wir <strong>keine Bestellungen<\/strong> per <strong>Email<\/strong> annehmen k\u00f6nnen. <\/cite><\/blockquote>\n","protected":false},"excerpt":{"rendered":"<p>Gesund werden &#8211; gesund bleiben &#8230; Wir bieten Ihnen kompetente und freundliche Beratung zu Arzneimitteln, alternativ medizinischen Produkten und Kosmetika. Wir helfen Ihnen bei Fragen oder W\u00fcnschen jederzeit gerne weiter. Besuchen Sie uns und \u00fcberzeugen Sie sich selbst! Linz Ebelsberg &#8211; Ennsfeld So finden Sie uns &#8230; Stra\u00dfenbahn Linie 2 Haltestelle Linz Ennsfeld Bus-Linie 104, [&hellip;]<\/p>\n","protected":false},"author":1,"featured_media":0,"parent":0,"menu_order":1,"comment_status":"closed","ping_status":"closed","template":"","meta":{"footnotes":""},"class_list":["post-15","page","type-page","status-publish","hentry"],"_links":{"self":[{"href":"https:\/\/www.ennsfeld-apo.at\/index.php?rest_route=\/wp\/v2\/pages\/15","targetHints":{"allow":["GET"]}}],"collection":[{"href":"https:\/\/www.ennsfeld-apo.at\/index.php?rest_route=\/wp\/v2\/pages"}],"about":[{"href":"https:\/\/www.ennsfeld-apo.at\/index.php?rest_route=\/wp\/v2\/types\/page"}],"author":[{"embeddable":true,"href":"https:\/\/www.ennsfeld-apo.at\/index.php?rest_route=\/wp\/v2\/users\/1"}],"replies":[{"embeddable":true,"href":"https:\/\/www.ennsfeld-apo.at\/index.php?rest_route=%2Fwp%2Fv2%2Fcomments&post=15"}],"version-history":[{"count":92,"href":"https:\/\/www.ennsfeld-apo.at\/index.php?rest_route=\/wp\/v2\/pages\/15\/revisions"}],"predecessor-version":[{"id":180,"href":"https:\/\/www.ennsfeld-apo.at\/index.php?rest_route=\/wp\/v2\/pages\/15\/revisions\/180"}],"wp:attachment":[{"href":"https:\/\/www.ennsfeld-apo.at\/index.php?rest_route=%2Fwp%2Fv2%2Fmedia&parent=15"}],"curies":[{"name":"wp","href":"https:\/\/api.w.org\/{rel}","templated":true}]}}